{"id":7,"date":"2019-07-31T13:49:51","date_gmt":"2019-07-31T11:49:51","guid":{"rendered":"https:\/\/www.profiltr.cz\/?page_id=7"},"modified":"2025-05-06T10:52:48","modified_gmt":"2025-05-06T08:52:48","slug":"about-us","status":"publish","type":"page","link":"https:\/\/www.profiltr.cz\/en\/about-us\/","title":{"rendered":"About us","raw":"About us"},"content":{"rendered":"\n<p><strong>Dear Business Partners,<\/strong><\/p>\n\n\n\n<p>Thank you for your interest, and allow us to introduce our company. Since 1996, we have specialized in the production of industrial filtration and air-handling systems. We focus on capturing solid particulate matter (PM), eliminating droplets from airflows (in liquid form), and capturing or eliminating gaseous pollutants (in gaseous form).<\/p>\n\n\n\n<p>We design and manufacture equipment based on our technical proposals, which draw on our extensive experience in the field and always respect the customer\u2019s requirements. These proposals and solutions are prepared free of charge as part of our offers. Where necessary, we also provide comprehensive project documentation at all stages.<\/p>\n\n\n\n<p>Over the past 15 years, we have successfully participated in numerous tenders, also tendres of public procurement. In many cases, we were awarded the contracts, assumed the role of General Contractor, and successfully completed the projects.<\/p>\n\n\n\n<p>Our quality and process management system is certified in accordance with ISO 9001, ensuring our professionalism and high standards of service.<\/p>\n\n\n\n<p>We look forward to the opportunity to collaborate with you!<\/p>\n","protected":false,"raw":"<!-- wp:paragraph -->\n<p><strong>Dear Business Partners,<\/strong><\/p>\n<!-- \/wp:paragraph -->\n\n<!-- wp:paragraph -->\n<p>Thank you for your interest, and allow us to introduce our company. Since 1996, we have specialized in the production of industrial filtration and air-handling systems. We focus on capturing solid particulate matter (PM), eliminating droplets from airflows (in liquid form), and capturing or eliminating gaseous pollutants (in gaseous form).<\/p>\n<!-- \/wp:paragraph -->\n\n<!-- wp:paragraph -->\n<p>We design and manufacture equipment based on our technical proposals, which draw on our extensive experience in the field and always respect the customer\u2019s requirements. These proposals and solutions are prepared free of charge as part of our offers. Where necessary, we also provide comprehensive project documentation at all stages.<\/p>\n<!-- \/wp:paragraph -->\n\n<!-- wp:paragraph -->\n<p>Over the past 15 years, we have successfully participated in numerous tenders, also tendres of public procurement. In many cases, we were awarded the contracts, assumed the role of General Contractor, and successfully completed the projects.<\/p>\n<!-- \/wp:paragraph -->\n\n<!-- wp:paragraph -->\n<p>Our quality and process management system is certified in accordance with ISO 9001, ensuring our professionalism and high standards of service.<\/p>\n<!-- \/wp:paragraph -->\n\n<!-- wp:paragraph -->\n<p>We look forward to the opportunity to collaborate with you!<\/p>\n<!-- \/wp:paragraph -->"},"excerpt":{"rendered":"","protected":false,"raw":""},"author":1,"featured_media":0,"parent":0,"menu_order":3,"comment_status":"closed","ping_status":"closed","template":"","meta":{"_cs_post_content":"<!-- wp:paragraph -->\n<p>V\u00e1\u017een\u00ed obchodn\u00ed partne\u0159i,<\/p>\n<!-- \/wp:paragraph -->\n\n<!-- wp:paragraph -->\n<p>d\u011bkujeme V\u00e1m za V\u00e1\u0161 z\u00e1jem a dovolte n\u00e1m p\u0159edstavit na\u0161i spole\u010dnost. Ji\u017e od roku 1996 se specializujeme na v\u00fdrobu pr\u016fmyslov\u00e9 filtrace a vzduchotechniky. Zam\u011b\u0159ujeme se na z\u00e1chyt tuh\u00fdch zne\u010di\u0161\u0165uj\u00edc\u00edch l\u00e1tek (TZL), eliminaci kap\u00e9nek z proud\u011bn\u00ed vzduchu(v kapaln\u00e9m skupenstv\u00ed) a zachyt\u00e1v\u00e1n\u00ed \u010di eliminaci plynn\u00fdch zne\u010di\u0161\u0165uj\u00edc\u00edch l\u00e1tek (v plynn\u00e9m skupenstv\u00ed).<\/p>\n<!-- \/wp:paragraph -->\n\n<!-- wp:paragraph -->\n<p>Na z\u00e1klad\u011b na\u0161ich technick\u00fdch n\u00e1vrh\u016f, kter\u00e9 \u010derpaj\u00ed z na\u0161ich dlouholet\u00fdch zku\u0161enost\u00ed v oboru, vyr\u00e1b\u00edme a dod\u00e1v\u00e1me za\u0159\u00edzen\u00ed na z\u00e1klad\u011b po\u017eadavk\u016f z\u00e1kazn\u00edka. Tyto n\u00e1vrhy a \u0159e\u0161en\u00ed zpracov\u00e1v\u00e1me bezplatn\u011b jako sou\u010d\u00e1st na\u0161ich nab\u00eddek. Pokud je to po\u017eadov\u00e1no, zaji\u0161\u0165ujeme tak\u00e9 kompletn\u00ed zpracov\u00e1n\u00ed projektov\u00e9 dokumentace ve v\u0161ech stupn\u00edch.<\/p>\n<!-- \/wp:paragraph -->\n\n<!-- wp:paragraph -->\n<p>B\u011bhem posledn\u00edch 15 let jsme se \u00fasp\u011b\u0161n\u011b \u00fa\u010dastnili mnoha v\u00fdb\u011brov\u00fdch \u0159\u00edzen\u00ed a to i v re\u017eimu zad\u00e1v\u00e1n\u00ed ve\u0159ejn\u00fdch zak\u00e1zek. V mnoha p\u0159\u00edpadech jsme tato \u0159\u00edzen\u00ed vyhr\u00e1li, p\u0159evzali roli gener\u00e1ln\u00edho dodavatele a \u00fasp\u011b\u0161n\u011b realizovali projekty a\u017e do jejich dokon\u010den\u00ed.<\/p>\n<!-- \/wp:paragraph -->\n\n<!-- wp:paragraph -->\n<p>N\u00e1\u0161 syst\u00e9m \u0159\u00edzen\u00ed kvality a proces\u016f je certifikov\u00e1n dle normy ISO 9001, co\u017e je z\u00e1rukou na\u0161\u00ed profesionality a vysok\u00e9ho standardu slu\u017eeb.<\/p>\n<!-- \/wp:paragraph -->\n\n<!-- wp:paragraph -->\n<p>T\u011b\u0161\u00edme se na mo\u017enost spolupr\u00e1ce s V\u00e1mi!<\/p>\n<!-- \/wp:paragraph -->","_cs_post_name":"o-nas","_cs_post_excerpt":"","_cs_post_title":"P\u0159edstaven\u00ed spole\u010dnosti","_en_post_content":"<!-- wp:paragraph -->\n<p><strong>Dear Business Partners,<\/strong><\/p>\n<!-- \/wp:paragraph -->\n\n<!-- wp:paragraph -->\n<p>Thank you for your interest, and allow us to introduce our company. Since 1996, we have specialized in the production of industrial filtration and air-handling systems. We focus on capturing solid particulate matter (PM), eliminating droplets from airflows (in liquid form), and capturing or eliminating gaseous pollutants (in gaseous form).<\/p>\n<!-- \/wp:paragraph -->\n\n<!-- wp:paragraph -->\n<p>We design and manufacture equipment based on our technical proposals, which draw on our extensive experience in the field and always respect the customer\u2019s requirements. These proposals and solutions are prepared free of charge as part of our offers. Where necessary, we also provide comprehensive project documentation at all stages.<\/p>\n<!-- \/wp:paragraph -->\n\n<!-- wp:paragraph -->\n<p>Over the past 15 years, we have successfully participated in numerous tenders, also tendres of public procurement. In many cases, we were awarded the contracts, assumed the role of General Contractor, and successfully completed the projects.<\/p>\n<!-- \/wp:paragraph -->\n\n<!-- wp:paragraph -->\n<p>Our quality and process management system is certified in accordance with ISO 9001, ensuring our professionalism and high standards of service.<\/p>\n<!-- \/wp:paragraph -->\n\n<!-- wp:paragraph -->\n<p>We look forward to the opportunity to collaborate with you!<\/p>\n<!-- \/wp:paragraph -->","_en_post_name":"about-us","_en_post_excerpt":"","_en_post_title":"About us","edit_language":"en","footnotes":""},"_links":{"self":[{"href":"https:\/\/www.profiltr.cz\/en\/wp-json\/wp\/v2\/pages\/7"}],"collection":[{"href":"https:\/\/www.profiltr.cz\/en\/wp-json\/wp\/v2\/pages"}],"about":[{"href":"https:\/\/www.profiltr.cz\/en\/wp-json\/wp\/v2\/types\/page"}],"author":[{"embeddable":true,"href":"https:\/\/www.profiltr.cz\/en\/wp-json\/wp\/v2\/users\/1"}],"replies":[{"embeddable":true,"href":"https:\/\/www.profiltr.cz\/en\/wp-json\/wp\/v2\/comments?post=7"}],"version-history":[{"count":13,"href":"https:\/\/www.profiltr.cz\/en\/wp-json\/wp\/v2\/pages\/7\/revisions"}],"predecessor-version":[{"id":360,"href":"https:\/\/www.profiltr.cz\/en\/wp-json\/wp\/v2\/pages\/7\/revisions\/360"}],"wp:attachment":[{"href":"https:\/\/www.profiltr.cz\/en\/wp-json\/wp\/v2\/media?parent=7"}],"curies":[{"name":"wp","href":"https:\/\/api.w.org\/{rel}","templated":true}]}}